{"id":1862,"date":"2021-08-06T17:47:16","date_gmt":"2021-08-06T20:47:16","guid":{"rendered":"http:\/\/abes-es.org.br\/evento\/?page_id=1862"},"modified":"2026-03-30T15:57:51","modified_gmt":"2026-03-30T18:57:51","slug":"normas-para-submissao-de-trabalhos-tecnicos-no-sesma","status":"publish","type":"page","link":"https:\/\/abes-es.org.br\/evento\/normas-para-submissao-de-trabalhos-tecnicos-no-sesma\/","title":{"rendered":"Normas para Submiss\u00e3o de Trabalhos T\u00e9cnicos no SESMA"},"content":{"rendered":"\r\n\r\n\r\n<section class=\"fw verde\">\r\n<div class=\"grid-container\">\r\n\r\n<div class=\"texto\"><h1>Leia atentamente as instru\u00e7\u00f5es<\/h1>\n<h2><strong>Informa\u00e7\u00f5es Gerais<\/strong><\/h2>\n<p>a) A submiss\u00e3o de trabalhos t\u00e9cnicos ser\u00e1 totalmente \u201conline\u201d. Solicitamos aos interessados que leiam todas as informa\u00e7\u00f5es antes de submeter seu trabalho.<\/p>\n<p>b) As instru\u00e7\u00f5es aqui contidas referem-se aos trabalhos no formato p\u00f4ster e oral que ser\u00e3o apresentados de forma presencial durante a programa\u00e7\u00e3o do Evento Integrado: Cidades Inteligentes<strong>.<\/strong><\/p>\n<p>c) Ao inscrever seu trabalho t\u00e9cnico, o autor estar\u00e1 automaticamente autorizando a ABES a utilizar a obra de sua autoria, em publica\u00e7\u00e3o impressa, digital, internet, em seus ve\u00edculos institucionais e documentos editados, ou em qualquer outra m\u00eddia.<\/p>\n<p>d) N\u00e3o h\u00e1 necessidade de ineditismo nos trabalhos t\u00e9cnicos podendo ser encaminhados monografias ou arquivos j\u00e1 inscritos em outros eventos t\u00e9cnicos que n\u00e3o tenham sido apresentados ou inseridos nos anais.<\/p>\n<p>e) <strong>IMPORTANTE:<\/strong> o trabalho deve representar uma contribui\u00e7\u00e3o real ao desenvolvimento da Engenharia Sanit\u00e1ria e Ambiental, levando-se em conta os seguintes aspectos:<\/p>\n<ul>\n<li>Car\u00e1ter inovador de melhoria ou de novos dados<\/li>\n<li>Resultados operacionais &#8211; experi\u00eancia em escala real<\/li>\n<\/ul>\n<p><strong>Aplicabilidade em situa\u00e7\u00f5es similares<\/strong><\/p>\n<p>f) N\u00e3o ser\u00e3o aceitos relat\u00f3rios, tradu\u00e7\u00f5es e nem trabalhos que se traduzam em promo\u00e7\u00e3o comercial de determinada marca, produto ou empresa.<\/p>\n<p>g) Cada trabalho poder\u00e1 ser submetido com no m\u00e1ximo 05 (cinco) autores.<\/p>\n<ul>\n<li>Dentre esses 05 (cinco) autores, 01 (um) dever\u00e1 se inscrever como autor principal (1\u00ba autor). O autor principal (1\u00ba autor) poder\u00e1 submeter no m\u00e1ximo 03 (tr\u00eas) trabalhos para avalia\u00e7\u00e3o.<\/li>\n<li>Para submiss\u00e3o de trabalhos em n\u00famero superior a 03 (tr\u00eas), haver\u00e1 a necessidade de um dos demais autores efetuar a inscri\u00e7\u00e3o como autor principal (1\u00ba autor) para que o trabalho seja validado.<\/li>\n<li>O autor principal (1\u00ba autor) assumir\u00e1 automaticamente a responsabilidade pelo pagamento da inscri\u00e7\u00e3o, abrangendo at\u00e9 03 (tr\u00eas) trabalhos no caso de aprova\u00e7\u00e3o.<\/li>\n<li>S\u00f3 participar\u00e1 da apresenta\u00e7\u00e3o e receber\u00e1 certificado o autor inscrito e com o valor devidamente pago;<\/li>\n<\/ul>\n<p>h) A <strong>ABES-ES, ABES<\/strong> e a <strong>ABCMAC<\/strong> n\u00e3o patrocinar\u00e1 qualquer despesa de autor, empresa ou entidade, seja qual for sua natureza.<\/p>\n<p>i) Os anais estar\u00e3o dispon\u00edveis aos participantes no site do evento. Eles conter\u00e3o na \u00edntegra todos os trabalhos orais e p\u00f4ster, que tenham sido enviados dentro do prazo e aprovados pela Comiss\u00e3o Cient\u00edfica do evento, estando de acordo com as normas que ser\u00e3o divulgadas neste site.<\/p>\n<p>j) O trabalho n\u00e3o selecionado n\u00e3o ser\u00e1 devolvido ao autor e n\u00e3o constar\u00e1 da programa\u00e7\u00e3o do evento.<\/p>\n<p>k) Toda correspond\u00eancia relativa a trabalhos t\u00e9cnicos, bem como solicita\u00e7\u00e3o de esclarecimentos, dever\u00e1 ser encaminhada \u00e0 Comiss\u00e3o Cient\u00edfica do evento, atrav\u00e9s do e-mail: <a href=\"mailto:trabalhostecnicos@abes-es.org.br\"><strong>trabalhostecnicos@abes-es.org.br<\/strong><\/a><strong>.<\/strong><\/p>\n<\/div>\r\n<\/div>\r\n<\/section>\r\n<section class=\"fw \">\r\n<div class=\"grid-container\">\r\n\r\n<div class=\"texto\"><h3><strong>2 \u2013 INSCRI\u00c7\u00c3O<\/strong><\/h3>\n<p>2.1 \u2013 A submiss\u00e3o dos\u00a0trabalhos\u00a0t\u00e9cnicos\u00a0ser\u00e1 feita at\u00e9 as 23h30 do dia <strong>27 de maio de 2026<\/strong> mediante o envio do trabalho completo e da ficha de inscri\u00e7\u00e3o para o e-mail<\/p>\n<p>2.2 \u2013 A Ficha de inscri\u00e7\u00e3o deve conter:<\/p>\n<p>T\u00edtulo do\u00a0trabalho<br \/>\nTema e subtema<br \/>\nPalavras-chave<br \/>\nIncluir autores\u00a0 (nome completo, cpf, e-mail e telefone)<\/p>\n<p>2.3 \u2013 Autores n\u00e3o brasileiros dever\u00e3o preencher somente os campos \u201cnome completo\u201d e \u201cendere\u00e7o de e-mail\u201d.<\/p>\n<p>2.4 \u2013 N\u00e3o ser\u00e3o aceitas inclus\u00f5es e\/ou exclus\u00f5es de autores, assim como altera\u00e7\u00f5es no t\u00edtulo do\u00a0trabalho\u00a0ap\u00f3s a inscri\u00e7\u00e3o do\u00a0trabalho.<\/p>\n<p>2.5 \u2013 Qualquer d\u00favida em rela\u00e7\u00e3o ao envio do trabalho,\u00a0 entrar em contato com a Comiss\u00e3o Cient\u00edfica pelo e-mail: <a href=\"mailto:trabalhostecnicos@abes-es.org.br\"><strong>trabalhostecnicos@abes-es.org.br<\/strong><\/a><strong>.<\/strong><\/p>\n<\/div>\r\n<\/div>\r\n<\/section>\r\n<section class=\"fw azul\">\r\n<div class=\"grid-container\">\r\n\r\n<div class=\"texto\"><h3><strong>3 \u2013 APRESENTA\u00c7\u00c3O DOS\u00a0TRABALHOS<\/strong><\/h3>\n<p>3.1 \u2013 S\u00f3 ser\u00e3o aceitos os\u00a0trabalhos\u00a0que forem enviados no formato \u201c.doc\u201d. Todos os demais formatos de arquivos, inclusive os compactados, n\u00e3o ser\u00e3o avaliados.<\/p>\n<p>3.2 \u2013 O trabalho dever\u00e1 ocupar no m\u00e1ximo 08 (oito) p\u00e1ginas, de at\u00e9 43 linhas cada uma. A formata\u00e7\u00e3o dever\u00e1 seguir o modelo do <a href=\"https:\/\/abes-es.org.br\/evento\/wp-content\/uploads\/2026\/03\/base-modelo-Trabalhos-tecnicos-.docx\">base modelo &#8211; Trabalhos tecnicos<\/a><\/p>\n<p>3.3 \u2013 Poder\u00e3o ser inclu\u00eddos figuras, gr\u00e1ficos e ilustra\u00e7\u00f5es, desde que o tamanho do arquivo n\u00e3o ultrapasse 3 MB.<\/p>\n<p>3.4 \u2013 O\u00a0trabalho\u00a0completo dever\u00e1 conter:<\/p>\n<p>T\u00edtulo do\u00a0trabalho\u00a0(o mesmo assinalado na ficha de inscri\u00e7\u00e3o)<br \/>\nObjetivo do\u00a0trabalho<br \/>\nMetodologia utilizada<br \/>\nResultados obtidos ou esperados<br \/>\nConclus\u00f5es\/recomenda\u00e7\u00f5es<br \/>\nRefer\u00eancias bibliogr\u00e1ficas<br \/>\nA Comiss\u00e3o de Avalia\u00e7\u00e3o analisar\u00e1 os\u00a0trabalhos\u00a0segundo esses crit\u00e9rios.<\/p>\n<\/div>\r\n<\/div>\r\n<\/section>\r\n<section class=\"fw \">\r\n<div class=\"grid-container\">\r\n\r\n<div class=\"texto\"><h3><strong>4 \u2013 AVALIA\u00c7\u00c3O, SELE\u00c7\u00c3O E PRAZOS<\/strong><\/h3>\n<p>&nbsp;<\/p>\n<p>4.1 \u2013 A sele\u00e7\u00e3o dos\u00a0trabalhos\u00a0ser\u00e1 realizada pela Comiss\u00e3o Cient\u00edfica designada pelos membros da Comiss\u00e3o Organizadora.<\/p>\n<p>4.2 \u2013 O n\u00famero de\u00a0trabalhos\u00a0selecionados para apresenta\u00e7\u00e3o oral no evento \u00e9 70 (setenta).<\/p>\n<p>4.3 \u2013 A listagem dos trabalhos selecionados ser\u00e1 disponibilizada no portal do evento, em <strong>27 de junho de 2026.<\/strong><\/p>\n<p>4.4 \u2013 Os autores dos\u00a0trabalhos\u00a0selecionados devem fazer a inscri\u00e7\u00e3o e e efetuar o pagamento, pelo menos de um dos autores do\u00a0trabalho.\u00a0S\u00f3 participar\u00e1 da apresenta\u00e7\u00e3o e receber\u00e1 certificado o autor inscrito e com o valor devidamente pago;<\/p>\n<p>4.5 \u2013 Somente ser\u00e3o inclu\u00eddos na programa\u00e7\u00e3o oficial e nos anais do<strong> Evento Integrado: Cidades Sustent\u00e1veis<\/strong>, os trabalhos completos orais que atenderem os seguintes crit\u00e9rios:<\/p>\n<p><strong>Trabalho completo enviado at\u00e9 27 de maio de 2026;<\/strong><\/p>\n<p><strong>Inscri\u00e7\u00e3o e pagamento de um dos autores do trabalho e envio do trabalho completo at\u00e9 10 de agosto de 2026;<\/strong><\/p>\n<p><strong>4.6 \u2013 Autores que n\u00e3o atenderem os crit\u00e9rios acima n\u00e3o ter\u00e3o seus\u00a0trabalhos\u00a0inclu\u00eddos no programa e nos anais do evento.<\/strong><\/p>\n<p>&nbsp;<\/p>\n<hr \/>\n<p>&nbsp;<\/p>\n<p>&nbsp;<\/p>\n<h2>RESUMO DAS DATAS<\/h2>\n<p>&nbsp;<\/p>\n<ul>\n<li><strong>Trabalho resumido enviado at\u00e9 27\/05\/2024<\/strong><\/li>\n<li><strong>Resultado dos trabalho aprovados at\u00e9 dia 27\/06\/2026<\/strong><\/li>\n<li><strong>Trabalho completo enviado at\u00e9 10\/08\/2026<\/strong><\/li>\n<li><strong>Pagamento do autor principal at\u00e9 10\/08\/2026 \u2013 na categoria \u201capresenta\u00e7\u00e3o de trabalho t\u00e9cnico\u201d.<br \/>\nValor: R$ 200,00<\/strong><\/li>\n<\/ul>\n<\/div>\r\n<\/div>\r\n<\/section>\r\n<section class=\"fw azul2\">\r\n<div class=\"grid-container\">\r\n\r\n<div class=\"texto\"><h2>Tem\u00e1rio<\/h2>\n<p>&nbsp;<\/p>\n<p><strong>I &#8211; \u00c1gua:<\/strong>\u00a0abastecimento, tratamento e distribui\u00e7\u00e3o<\/p>\n<p><strong>II &#8211; Efluentes Sanit\u00e1rios e Industriais:<\/strong>\u00a0caracteriza\u00e7\u00e3o, coleta, tratamento, disposi\u00e7\u00e3o, reuso, lodos e bioss\u00f3lidos;<\/p>\n<p><strong>III &#8211; Res\u00edduos S\u00f3lidos:<\/strong>\u00a0reciclagem, coleta, tratamento, disposi\u00e7\u00e3o final e aterros, gest\u00e3o, limpeza urbana;<\/p>\n<p><strong>IV &#8211; Recursos H\u00eddricos:<\/strong>\u00a0planejamento, gest\u00e3o, aproveitamento, controle da polui\u00e7\u00e3o, pol\u00edticas e estudos avaliativos;<\/p>\n<p><strong>V &#8211; Gest\u00e3o Institucional e Empresarial do Setor:<\/strong>\u00a0regula\u00e7\u00e3o, regulamenta\u00e7\u00e3o, efici\u00eancia empresarial, organiza\u00e7\u00e3o e qualidade;<\/p>\n<p><strong>VI &#8211; Meio Ambiente:<\/strong>\u00a0gest\u00e3o e controle ambiental, avalia\u00e7\u00f5es de impacto ambiental, normas e padr\u00f5es ambientais, gest\u00e3o costeira, an\u00e1lises de risco, Produ\u00e7\u00e3o Mais Limpa,\u00a0Mudan\u00e7as\u00a0Clim\u00e1ticas e Cr\u00e9ditos de Carbono;<\/p>\n<p><strong>VII &#8211; Sa\u00fade P\u00fablica:<\/strong>\u00a0doen\u00e7as, controle de vetores, epidemiologia, vigil\u00e2ncia sanit\u00e1ria e salubridade ambiental;<\/p>\n<p><strong>VIII &#8211; Educa\u00e7\u00e3o e Recursos Humanos:<\/strong>\u00a0forma\u00e7\u00e3o, gest\u00e3o e capacita\u00e7\u00e3o de pessoas e educa\u00e7\u00e3o ambiental;<\/p>\n<p><strong>IX &#8211; Irriga\u00e7\u00e3o, Drenagem Urbana, Controle da Eros\u00e3o, \u00c1guas Subterr\u00e2neas e \u00c1guas Fluviais:\u00a0<\/strong>hidrologia urbana, tratamento e gest\u00e3o;<\/p>\n<p><strong>X &#8211; Controle da Polui\u00e7\u00e3o do Ar:<\/strong>\u00a0odores, ru\u00eddos, radia\u00e7\u00f5es e material particulado;<\/p>\n<p><strong>XI &#8211; Energia, Efici\u00eancia Energ\u00e9tica e Controle de Perdas:<\/strong>\u00a0gest\u00e3o, controle e redu\u00e7\u00e3o de perdas e energia el\u00e9trica, efici\u00eancia energ\u00e9tica;<\/p>\n<p><strong>XII &#8211; Saneamento rural<\/strong>.<\/p>\n<p>&nbsp;<\/p>\n<p>&nbsp;<\/p>\n<\/div>\r\n<\/div>\r\n<\/section>","protected":false},"excerpt":{"rendered":"","protected":false},"author":2,"featured_media":0,"parent":0,"menu_order":0,"comment_status":"closed","ping_status":"closed","template":"","meta":{"_acf_changed":false,"inline_featured_image":false,"footnotes":""},"class_list":["post-1862","page","type-page","status-publish"],"acf":[],"_links":{"self":[{"href":"https:\/\/abes-es.org.br\/evento\/wp-json\/wp\/v2\/pages\/1862","targetHints":{"allow":["GET"]}}],"collection":[{"href":"https:\/\/abes-es.org.br\/evento\/wp-json\/wp\/v2\/pages"}],"about":[{"href":"https:\/\/abes-es.org.br\/evento\/wp-json\/wp\/v2\/types\/page"}],"author":[{"embeddable":true,"href":"https:\/\/abes-es.org.br\/evento\/wp-json\/wp\/v2\/users\/2"}],"replies":[{"embeddable":true,"href":"https:\/\/abes-es.org.br\/evento\/wp-json\/wp\/v2\/comments?post=1862"}],"version-history":[{"count":45,"href":"https:\/\/abes-es.org.br\/evento\/wp-json\/wp\/v2\/pages\/1862\/revisions"}],"predecessor-version":[{"id":4169,"href":"https:\/\/abes-es.org.br\/evento\/wp-json\/wp\/v2\/pages\/1862\/revisions\/4169"}],"wp:attachment":[{"href":"https:\/\/abes-es.org.br\/evento\/wp-json\/wp\/v2\/media?parent=1862"}],"curies":[{"name":"wp","href":"https:\/\/api.w.org\/{rel}","templated":true}]}}